{"id":2,"date":"2022-09-06T16:32:23","date_gmt":"2022-09-06T19:32:23","guid":{"rendered":"https:\/\/revidigital.ielusc.br\/?page_id=2"},"modified":"2022-09-09T16:27:20","modified_gmt":"2022-09-09T19:27:20","slug":"conheca-nossa-historia","status":"publish","type":"page","link":"https:\/\/revidigital.ielusc.br\/index.php\/conheca-nossa-historia\/","title":{"rendered":"Conhe\u00e7a a nossa hist\u00f3ria"},"content":{"rendered":"\n<p>A Revista Eletr\u00f4nica do Bom Jesus\/Ielusc foi criada em 1998, ano de funda\u00e7\u00e3o do curso de Jornalismo do Bom Jesus\/Ielusc, para ser um projeto que ampliasse os conte\u00fados das disciplinas para al\u00e9m do espa\u00e7o formal da sala de aula. Naquele mesmo ano ainda eram ins\u00edpidas as iniciativas de jornalismo digital em Joinville. O jornal A Not\u00edcia, por exemplo, o mais tradicional da cidade, trabalhava com o conceito de transposi\u00e7\u00e3o: o material que circulava no jornal impresso era revertido, na \u00edntegra, para a rede, em html. Nas faculdades de jornalismo do estado o ambiente digital tamb\u00e9m era pouco explorado: somente na Universidade Federal havia um projeto com proposta semelhante, criado no mesmo ano.<\/p>\n\n\n\n<p>A primeira proposta da Revi era focada na cobertura de temas de variedades \u2013 cinema, bares, lazer etc. Mesmo assim, havia um forte car\u00e1ter de experimenta\u00e7\u00e3o, pautado, principalmente, na concep\u00e7\u00e3o de aventura presente no projeto pol\u00edtico pedag\u00f3gico do curso.<\/p>\n\n\n\n<p>O uso das novas ferramentas estava atrelado \u00e0 disponibilidade de equipamentos t\u00e9cnicos por parte do Bom Jesus\/Ielusc e tamb\u00e9m ao tempo dos pr\u00f3prios acad\u00eamicos \u2013 que assim como os jornalistas do mundo todo entravam pela primeira vez em contato com um meio de comunica\u00e7\u00e3o novo e com potencialidades diferentes.<\/p>\n\n\n\n<p>Mas a primeira grande virada da Revi ocorreu no in\u00edcio dos anos 2000, quando a revista passou a pensar em conte\u00fados voltados para servidores, professores e alunos, dissociado do que era produzido pela assessoria de imprensa.<\/p>\n\n\n\n<p>Em 2004, uma reportagem em \u00e1udio celebrava os seis anos do projeto trazendo-o para o contexto da converg\u00eancia digital. Al\u00e9m dos textos, \u00e1udio e v\u00eddeo passariam, a partir dali, a integrar o conte\u00fado produzido no \u00e2mbito da Ag\u00eancia Experimental de Jornalismo, que abrigava a Revi. Era a semente do que a revista tem hoje em seu projeto pedag\u00f3gico \u2013 utilizar diferentes m\u00eddias no exerc\u00edcio do jornalismo e agreg\u00e1-las no ambiente digital.<\/p>\n\n\n\n<p>Depois desse per\u00edodo, o projeto passou por altera\u00e7\u00f5es na sua estrutura. A Ag\u00eancia Experimental deixou de existir e a Revi caminhou sozinha. Depois de 2004, o layout passou por apenas duas modifica\u00e7\u00f5es. A primeira, em 2010, com a migra\u00e7\u00e3o para o mesmo sistema do portal do Bom Jesus\/Ielusc. A segunda, em 2013, com a migra\u00e7\u00e3o para a plataforma WordPress.<\/p>\n\n\n\n<p>Ancorada nos princ\u00edpios expressos no Projeto Pol\u00edtico Pedag\u00f3gico do Curso de Jornalismo do Bom Jesus\/Ielusc, a Revista Eletr\u00f4nica esteve na vanguarda das faculdades de comunica\u00e7\u00e3o, por seu car\u00e1ter inovador e pioneiro. De acordo com o documento, o curso \u00e9 alicer\u00e7ado em dois desafios: o primeiro \u00e9 \u201cser digno da tradi\u00e7\u00e3o que identifica a \u00e1rea de conhecimento em que se inserir\u201d, j\u00e1 o segundo \u00e9 \u201cafetar-se pelo que acontece, pelo imprevis\u00edvel que emerge\u201d (Bom Jesus\/Ielusc, 2008).<\/p>\n\n\n\n<p>A Revista Eletr\u00f4nica sintetiza esses dois aspectos, na medida em que se funda sob as bases dos c\u00e2nones jornal\u00edsticos, mas, ao mesmo tempo, permite a subvers\u00e3o desses mesmos c\u00e2nones ao buscar a experimenta\u00e7\u00e3o de novos formatos e linguagens.<\/p>\n\n\n\n<p>Abaixo, as tr\u00eas identidades visuais que antecederam a Revi Digital:<\/p>\n\n\n\n<figure class=\"wp-block-image size-full\"><img decoding=\"async\" loading=\"lazy\" width=\"713\" height=\"136\" src=\"https:\/\/revidigital.ielusc.br\/wp-content\/uploads\/2022\/09\/image.png\" alt=\"\" class=\"wp-image-12123\"\/><figcaption>Identidades Visuais da Revi ao longo da hist\u00f3ria<\/figcaption><\/figure>\n\n\n\n<p><\/p>\n\n\n\n<p class=\"has-text-align-center\"><a href=\"http:\/\/www.ielusc.br\/aplicativos\/wordpress_revi\/\">ACESSE AS MAT\u00c9RIAS ANTIGAS DA REVI<\/a><\/p>\n","protected":false},"excerpt":{"rendered":"<p>A Revista Eletr\u00f4nica do Bom Jesus\/Ielusc foi criada em 1998, ano de funda\u00e7\u00e3o do curso de Jornalismo do Bom Jesus\/Ielusc, para ser um projeto que ampliasse os conte\u00fados das disciplinas para al\u00e9m do espa\u00e7o formal da sala de aula. Naquele mesmo ano ainda eram ins\u00edpidas as iniciativas de jornalismo digital em Joinville. O jornal A [&hellip;]<\/p>\n","protected":false},"author":1,"featured_media":0,"parent":0,"menu_order":0,"comment_status":"closed","ping_status":"open","template":"","meta":{"footnotes":""},"_links":{"self":[{"href":"https:\/\/revidigital.ielusc.br\/index.php\/wp-json\/wp\/v2\/pages\/2"}],"collection":[{"href":"https:\/\/revidigital.ielusc.br\/index.php\/wp-json\/wp\/v2\/pages"}],"about":[{"href":"https:\/\/revidigital.ielusc.br\/index.php\/wp-json\/wp\/v2\/types\/page"}],"author":[{"embeddable":true,"href":"https:\/\/revidigital.ielusc.br\/index.php\/wp-json\/wp\/v2\/users\/1"}],"replies":[{"embeddable":true,"href":"https:\/\/revidigital.ielusc.br\/index.php\/wp-json\/wp\/v2\/comments?post=2"}],"version-history":[{"count":4,"href":"https:\/\/revidigital.ielusc.br\/index.php\/wp-json\/wp\/v2\/pages\/2\/revisions"}],"predecessor-version":[{"id":12136,"href":"https:\/\/revidigital.ielusc.br\/index.php\/wp-json\/wp\/v2\/pages\/2\/revisions\/12136"}],"wp:attachment":[{"href":"https:\/\/revidigital.ielusc.br\/index.php\/wp-json\/wp\/v2\/media?parent=2"}],"curies":[{"name":"wp","href":"https:\/\/api.w.org\/{rel}","templated":true}]}}